{"id":114,"date":"2019-10-28T09:58:52","date_gmt":"2019-10-28T12:58:52","guid":{"rendered":"https:\/\/producaovegetal.com.br\/?page_id=114"},"modified":"2019-10-29T09:00:48","modified_gmt":"2019-10-29T12:00:48","slug":"avaliacao-quadrienal-2017-2020","status":"publish","type":"page","link":"https:\/\/producaovegetal.com.br\/en\/avaliacao-quadrienal-2017-2020\/","title":{"rendered":"2017-2020 Four-year Evaluation"},"content":{"rendered":"<p>Para auxiliar e informar os professores e p\u00f3s-graduandos a respeito das novas diretrizes de avalia\u00e7\u00e3o dos programas de mestrado e doutorado acad\u00eamicos pela Capes, disponibilizamos material apresentado pelos Coordenadores da \u00e1rea de Ci\u00eancias Agr\u00e1rias I durante o <strong>Semin\u00e1rio de Meio Termo<\/strong>, realizado em 2 e 3 de setembro de 2019 na Capes, Bras\u00edlia-DF.<br> Esse material foi extra\u00eddo do site do PPGA da UFMS e da Capes.<\/p>\n\n\n\n<p>A <a href=\"https:\/\/www.capes.gov.br\/avaliacao\/sobre-as-areas-de-avaliacao\/73-dav\/caa1\/4655-ciencias-agrarias-i\">p\u00e1gina das Ci\u00eancias Agr\u00e1rias I na Capes est\u00e1 dispon\u00edvel aqui.<\/a><\/p>\n\n\n\n<p>A coordena\u00e7\u00e3o \u00e9 composta por:<\/p>\n\n\n\n<p>Coordenador<br>Fl\u00e1vio Anast\u00e1cio de Oliveira Camargo (UFRGS)<\/p>\n\n\n\n<p>Coordenador Adjunto de Programas Acad\u00eamicos<br>F\u00e1bio Lopes Olivares (UENF)<\/p>\n\n\n\n<p>Coordenador de Programas Profissionais da Ci\u00eancias Agr\u00e1rias I<br>Geraldo Jos\u00e9 Silva Junior (FUNDECITRUS)<\/p>\n\n\n\n<p>Contato: <a href=\"mailto:42.cag1@capes.gov.br\">42.cag1@capes.gov.br<\/a><\/p>\n\n\n\n<p><a href=\"https:\/\/producaovegetal.com.br\/wp-content\/uploads\/2019\/10\/00-Documento-de-area-2019-Ciencias-Agrarias.pdf\">Documento de \u00e1rea, \u00e1rea 42, Ci\u00eancias Agr\u00e1rias I, 2019<\/a><\/p>\n\n\n\n<p><a href=\"https:\/\/producaovegetal.com.br\/wp-content\/uploads\/2019\/10\/00-Relatorio_qualis_agrarias.pdf\">Relat\u00f3rio do Qualis Peri\u00f3dicos, Ci\u00eancias Agr\u00e1rias I, 2019<\/a><\/p>\n\n\n\n<p><br><br><\/p>\n\n\n\n<h2 class=\"wp-block-heading\"><strong>Semin\u00e1rio de Meio Termo<\/strong>:<\/h2>\n\n\n\n<p><a href=\"https:\/\/producaovegetal.com.br\/wp-content\/uploads\/2019\/10\/01-As-Ci\u00eancias-Agr\u00e1rias-I-da-CAPES.pdf\">AS CI\u00caNCIAS AGR\u00c1RIAS I DA CAPES: panorama, reflex\u00f5es e perspectivas<\/a><\/p>\n\n\n\n<p><a href=\"https:\/\/producaovegetal.com.br\/wp-content\/uploads\/2019\/10\/02-A\u00c7\u00d5ES-GERAIS-PARA-A-\u00c1REA.pdf\">A\u00c7\u00d5ES GERAIS PARA A \u00c1REA<\/a><\/p>\n\n\n\n<p><a href=\"https:\/\/producaovegetal.com.br\/wp-content\/uploads\/2019\/10\/03-Nova-ficha-de-avalia\u00e7\u00e3o-indicadores-e-proje\u00e7\u00f5es.pdf\">AS CI\u00caNCIAS AGR\u00c1RIAS I DA CAPES: ficha de avalia\u00e7\u00e3o, indicadores e proje\u00e7\u00f5es<\/a><\/p>\n\n\n\n<p><a href=\"https:\/\/producaovegetal.com.br\/wp-content\/uploads\/2019\/10\/04-PROPOSTA-DE-FICHA-DE-AVALIA\u00c7\u00c3O-DAS-CI\u00caNCIAS-AGR\u00c1RIAS-I.pdf\">PROPOSTA DE FICHA DE AVALIA\u00c7\u00c3O DAS CI\u00caNCIAS AGR\u00c1RIAS I (MODALIDADE PROGRAMAS ACAD\u00caMICOS- VERS\u00c3O PROVIS\u00d3RIA)<\/a><\/p>\n\n\n\n<p><a href=\"https:\/\/producaovegetal.com.br\/wp-content\/uploads\/2019\/10\/05-QUALIS-REFER\u00caNCIA.pdf\">QUALIS REFER\u00caNCIA: Antecedentes e Proposi\u00e7\u00f5es<\/a><\/p>\n\n\n\n<p><a href=\"https:\/\/producaovegetal.com.br\/wp-content\/uploads\/2019\/10\/06-Novo-Qualis-provisorio.pdf\">NOVO QUALIS (VERS\u00c3O PROVIS\u00d3RIA)<\/a><\/p>\n\n\n\n<p><a href=\"https:\/\/producaovegetal.com.br\/wp-content\/uploads\/2019\/10\/07-Fus\u00f5es-desmembramentos-e-migra\u00e7\u00f5es-entre-programas-de-p\u00f3s-gradua\u00e7\u00e3o-Portaria_256-2018.pdf\">PORTARIA N\u00ba256\/2018, FUS\u00d5ES, DESMEMBRAMENTOS E MIGRA\u00c7\u00d5ES DOS PROGRAMAS DE P\u00d3S-GRADUA\u00c7\u00c3O STRICTO SENSU<\/a><\/p>\n\n\n\n<p><a href=\"https:\/\/producaovegetal.com.br\/wp-content\/uploads\/2019\/10\/08-Programa-nacional-de-incentivo-\u00e0s-AGTechs-no-\u00e2mbito-dos-programas-profissionais-da-\u00e1rea-das-Ci\u00eancias-Agr\u00e1rias-da-CAPES.pdf\">PROGRAMA NACIONAL DE INCENTIVO \u00c0S AGTECHS NO \u00c2MBITO DOS PROGRAMAS PROFISSIONAIS DA \u00c1REA DAS CI\u00caNCIAS AGR\u00c1RIAS DA CAPES<\/a><\/p>","protected":false},"excerpt":{"rendered":"<p>Para auxiliar e informar os professores e p\u00f3s-graduandos a respeito das novas diretrizes de avalia\u00e7\u00e3o dos programas de mestrado e doutorado acad\u00eamicos pela Capes, disponibilizamos material apresentado pelos Coordenadores da \u00e1rea de Ci\u00eancias Agr\u00e1rias I durante o Semin\u00e1rio de Meio Termo, realizado em 2 e 3 de setembro de 2019 na Capes, Bras\u00edlia-DF. Esse material &hellip; <\/p>\n<p class=\"link-more\"><a href=\"https:\/\/producaovegetal.com.br\/en\/avaliacao-quadrienal-2017-2020\/\" class=\"more-link\">Continue reading<span class=\"screen-reader-text\"> &#8220;Avalia\u00e7\u00e3o Quadrienal 2017-2020&#8221;<\/span><\/a><\/p>","protected":false},"author":1,"featured_media":0,"parent":0,"menu_order":0,"comment_status":"closed","ping_status":"closed","template":"","meta":{"footnotes":""},"class_list":["post-114","page","type-page","status-publish","hentry"],"_links":{"self":[{"href":"https:\/\/producaovegetal.com.br\/en\/wp-json\/wp\/v2\/pages\/114","targetHints":{"allow":["GET"]}}],"collection":[{"href":"https:\/\/producaovegetal.com.br\/en\/wp-json\/wp\/v2\/pages"}],"about":[{"href":"https:\/\/producaovegetal.com.br\/en\/wp-json\/wp\/v2\/types\/page"}],"author":[{"embeddable":true,"href":"https:\/\/producaovegetal.com.br\/en\/wp-json\/wp\/v2\/users\/1"}],"replies":[{"embeddable":true,"href":"https:\/\/producaovegetal.com.br\/en\/wp-json\/wp\/v2\/comments?post=114"}],"version-history":[{"count":5,"href":"https:\/\/producaovegetal.com.br\/en\/wp-json\/wp\/v2\/pages\/114\/revisions"}],"predecessor-version":[{"id":178,"href":"https:\/\/producaovegetal.com.br\/en\/wp-json\/wp\/v2\/pages\/114\/revisions\/178"}],"wp:attachment":[{"href":"https:\/\/producaovegetal.com.br\/en\/wp-json\/wp\/v2\/media?parent=114"}],"curies":[{"name":"wp","href":"https:\/\/api.w.org\/{rel}","templated":true}]}}