{"id":1210,"date":"2024-03-20T15:29:57","date_gmt":"2024-03-20T18:29:57","guid":{"rendered":"https:\/\/producaovegetal.com.br\/?page_id=1210"},"modified":"2024-03-20T15:33:28","modified_gmt":"2024-03-20T18:33:28","slug":"casa-de-vegetacao","status":"publish","type":"page","link":"https:\/\/producaovegetal.com.br\/en\/casa-de-vegetacao\/","title":{"rendered":"Casa de Vegeta\u00e7\u00e3o"},"content":{"rendered":"<p>Normas para o uso das casas de vegeta\u00e7\u00e3o do PPGPVS<\/p>\n\n\n\n<p>Para consultas e reservas entre em contato com o professor Samy Pimenta (<mark style=\"background-color:rgba(0, 0, 0, 0)\" class=\"has-inline-color has-vivid-cyan-blue-color\"><strong>samy.pimenta@unimontes.br<\/strong><\/mark>)<\/p>\n\n\n\n<div data-wp-interactive=\"core\/file\" class=\"wp-block-file\"><object data-wp-bind--hidden=\"!state.hasPdfPreview\" hidden class=\"wp-block-file__embed\" data=\"https:\/\/producaovegetal.com.br\/wp-content\/uploads\/2024\/03\/Normas-para-Uso-da-Casa-de-Vegetacao-PPGPVS-1.pdf\" type=\"application\/pdf\" style=\"width:100%;height:600px\" aria-label=\"Embed of Normas-para-Uso-da-Casa-de-Vegetacao-PPGPVS-1.\"><\/object><a id=\"wp-block-file--media-7494b4df-e92d-4006-bc11-238f981188f5\" href=\"https:\/\/producaovegetal.com.br\/wp-content\/uploads\/2024\/03\/Normas-para-Uso-da-Casa-de-Vegetacao-PPGPVS-1.pdf\">Normas-para-Uso-da-Casa-de-Vegetacao-PPGPVS-1<\/a><a href=\"https:\/\/producaovegetal.com.br\/wp-content\/uploads\/2024\/03\/Normas-para-Uso-da-Casa-de-Vegetacao-PPGPVS-1.pdf\" class=\"wp-block-file__button wp-element-button\" download aria-describedby=\"wp-block-file--media-7494b4df-e92d-4006-bc11-238f981188f5\">Baixar<\/a><\/div>","protected":false},"excerpt":{"rendered":"<p>Normas para o uso das casas de vegeta\u00e7\u00e3o do PPGPVS Para consultas e reservas entre em contato com o professor Samy Pimenta (samy.pimenta@unimontes.br)<\/p>","protected":false},"author":3,"featured_media":0,"parent":0,"menu_order":0,"comment_status":"closed","ping_status":"closed","template":"","meta":{"footnotes":""},"class_list":["post-1210","page","type-page","status-publish","hentry"],"_links":{"self":[{"href":"https:\/\/producaovegetal.com.br\/en\/wp-json\/wp\/v2\/pages\/1210","targetHints":{"allow":["GET"]}}],"collection":[{"href":"https:\/\/producaovegetal.com.br\/en\/wp-json\/wp\/v2\/pages"}],"about":[{"href":"https:\/\/producaovegetal.com.br\/en\/wp-json\/wp\/v2\/types\/page"}],"author":[{"embeddable":true,"href":"https:\/\/producaovegetal.com.br\/en\/wp-json\/wp\/v2\/users\/3"}],"replies":[{"embeddable":true,"href":"https:\/\/producaovegetal.com.br\/en\/wp-json\/wp\/v2\/comments?post=1210"}],"version-history":[{"count":4,"href":"https:\/\/producaovegetal.com.br\/en\/wp-json\/wp\/v2\/pages\/1210\/revisions"}],"predecessor-version":[{"id":1216,"href":"https:\/\/producaovegetal.com.br\/en\/wp-json\/wp\/v2\/pages\/1210\/revisions\/1216"}],"wp:attachment":[{"href":"https:\/\/producaovegetal.com.br\/en\/wp-json\/wp\/v2\/media?parent=1210"}],"curies":[{"name":"wp","href":"https:\/\/api.w.org\/{rel}","templated":true}]}}