{"id":1277,"date":"2024-09-19T16:49:45","date_gmt":"2024-09-19T19:49:45","guid":{"rendered":"https:\/\/producaovegetal.com.br\/?page_id=1277"},"modified":"2024-09-20T10:11:09","modified_gmt":"2024-09-20T13:11:09","slug":"produtos-tecnologicos-do-ppgpvs","status":"publish","type":"page","link":"https:\/\/producaovegetal.com.br\/en\/produtos-tecnologicos-do-ppgpvs\/","title":{"rendered":"Produtos Tecnol\u00f3gicos do PPGPVS"},"content":{"rendered":"<p><\/p>\n\n\n\n<p><strong><mark style=\"background-color:rgba(0, 0, 0, 0)\" class=\"has-inline-color has-vivid-red-color\">Simula\u00e7\u00e3o de crescimento do Abacaxizeiro com Modelagem 3-D:<\/mark><\/strong><\/p>\n\n\n\n<p><a href=\"https:\/\/l-pina.guanambi.ifbaiano.edu.br\/\">Acesse aqui.<\/a><\/p>\n\n\n\n<p><strong><mark style=\"background-color:rgba(0, 0, 0, 0)\" class=\"has-inline-color has-vivid-green-cyan-color\">Modelo de Decis\u00e3o da Viabilidade Econ\u00f4mica Cacauicultura em Regi\u00f5es N\u00e3o Tradicionais:<\/mark><\/strong><\/p>\n\n\n\n<p><a href=\"https:\/\/1drv.ms\/x\/s!At_tkEG_jHbkhqZ7XbD1I5RETsBVgg?e=y0liOi\">Acesse aqui a planilha<\/a>: <\/p>\n\n\n\n\n\n<p><\/p>","protected":false},"excerpt":{"rendered":"<p>Simula\u00e7\u00e3o de crescimento do Abacaxizeiro com Modelagem 3-D: Acesse aqui. Modelo de Decis\u00e3o da Viabilidade Econ\u00f4mica Cacauicultura em Regi\u00f5es N\u00e3o Tradicionais: Acesse aqui a planilha:<\/p>","protected":false},"author":3,"featured_media":0,"parent":0,"menu_order":0,"comment_status":"closed","ping_status":"closed","template":"","meta":{"footnotes":""},"class_list":["post-1277","page","type-page","status-publish","hentry"],"_links":{"self":[{"href":"https:\/\/producaovegetal.com.br\/en\/wp-json\/wp\/v2\/pages\/1277","targetHints":{"allow":["GET"]}}],"collection":[{"href":"https:\/\/producaovegetal.com.br\/en\/wp-json\/wp\/v2\/pages"}],"about":[{"href":"https:\/\/producaovegetal.com.br\/en\/wp-json\/wp\/v2\/types\/page"}],"author":[{"embeddable":true,"href":"https:\/\/producaovegetal.com.br\/en\/wp-json\/wp\/v2\/users\/3"}],"replies":[{"embeddable":true,"href":"https:\/\/producaovegetal.com.br\/en\/wp-json\/wp\/v2\/comments?post=1277"}],"version-history":[{"count":4,"href":"https:\/\/producaovegetal.com.br\/en\/wp-json\/wp\/v2\/pages\/1277\/revisions"}],"predecessor-version":[{"id":1284,"href":"https:\/\/producaovegetal.com.br\/en\/wp-json\/wp\/v2\/pages\/1277\/revisions\/1284"}],"wp:attachment":[{"href":"https:\/\/producaovegetal.com.br\/en\/wp-json\/wp\/v2\/media?parent=1277"}],"curies":[{"name":"wp","href":"https:\/\/api.w.org\/{rel}","templated":true}]}}