{"id":2,"date":"2019-08-29T12:08:10","date_gmt":"2019-08-29T12:08:10","guid":{"rendered":"https:\/\/producaovegetal.com.br\/?page_id=2"},"modified":"2025-06-09T10:00:25","modified_gmt":"2025-06-09T13:00:25","slug":"processo-seletivo","status":"publish","type":"page","link":"https:\/\/producaovegetal.com.br\/en\/processo-seletivo\/","title":{"rendered":"Admission"},"content":{"rendered":"<p>O ingresso como aluno regular no Programa de P\u00f3s-Gradua\u00e7\u00e3o em Produ\u00e7\u00e3o Vegetal no Semi\u00e1rido \u00e9 por meio de processo seletivo, cujo edital \u00e9 lan\u00e7ado duas vezes por ano, nos meses de maio-junho (in\u00edcio no segundo semestre letivo) e novembro-dezembro (primeiro semestre do ano seguinte).<\/p>\n\n\n\n<p>Para a inscri\u00e7\u00e3o, o candidato deve preparar a documenta\u00e7\u00e3o exigida no edital,  e enviar tudo pelo Formul\u00e1rio de Inscri\u00e7\u00e3o. Depois, basta aguardar a homologa\u00e7\u00e3o da inscri\u00e7\u00e3o.<\/p>\n\n\n\n<p>Fa\u00e7a j\u00e1 sua <a href=\"https:\/\/producaovegetal.com.br\/en\/formulario-de-inscricao\/\"><strong>inscri\u00e7\u00e3o<\/strong><\/a>.<\/p>\n\n\n\n<p><\/p>\n\n\n\n<p><\/p>\n\n\n\n<p><\/p>","protected":false},"excerpt":{"rendered":"<p>O ingresso como aluno regular no Programa de P\u00f3s-Gradua\u00e7\u00e3o em Produ\u00e7\u00e3o Vegetal no Semi\u00e1rido \u00e9 por meio de processo seletivo, cujo edital \u00e9 lan\u00e7ado duas vezes por ano, nos meses de maio-junho (in\u00edcio no segundo semestre letivo) e novembro-dezembro (primeiro semestre do ano seguinte). Para a inscri\u00e7\u00e3o, o candidato deve preparar a documenta\u00e7\u00e3o exigida no &hellip; <\/p>\n<p class=\"link-more\"><a href=\"https:\/\/producaovegetal.com.br\/en\/processo-seletivo\/\" class=\"more-link\">Continue reading<span class=\"screen-reader-text\"> &#8220;Processo Seletivo&#8221;<\/span><\/a><\/p>","protected":false},"author":1,"featured_media":0,"parent":0,"menu_order":0,"comment_status":"closed","ping_status":"open","template":"","meta":{"footnotes":""},"class_list":["post-2","page","type-page","status-publish","hentry"],"_links":{"self":[{"href":"https:\/\/producaovegetal.com.br\/en\/wp-json\/wp\/v2\/pages\/2","targetHints":{"allow":["GET"]}}],"collection":[{"href":"https:\/\/producaovegetal.com.br\/en\/wp-json\/wp\/v2\/pages"}],"about":[{"href":"https:\/\/producaovegetal.com.br\/en\/wp-json\/wp\/v2\/types\/page"}],"author":[{"embeddable":true,"href":"https:\/\/producaovegetal.com.br\/en\/wp-json\/wp\/v2\/users\/1"}],"replies":[{"embeddable":true,"href":"https:\/\/producaovegetal.com.br\/en\/wp-json\/wp\/v2\/comments?post=2"}],"version-history":[{"count":17,"href":"https:\/\/producaovegetal.com.br\/en\/wp-json\/wp\/v2\/pages\/2\/revisions"}],"predecessor-version":[{"id":1445,"href":"https:\/\/producaovegetal.com.br\/en\/wp-json\/wp\/v2\/pages\/2\/revisions\/1445"}],"wp:attachment":[{"href":"https:\/\/producaovegetal.com.br\/en\/wp-json\/wp\/v2\/media?parent=2"}],"curies":[{"name":"wp","href":"https:\/\/api.w.org\/{rel}","templated":true}]}}