{"id":200,"date":"2019-11-12T10:35:20","date_gmt":"2019-11-12T13:35:20","guid":{"rendered":"https:\/\/producaovegetal.com.br\/?page_id=200"},"modified":"2019-11-12T11:28:28","modified_gmt":"2019-11-12T14:28:28","slug":"disciplinas","status":"publish","type":"page","link":"https:\/\/producaovegetal.com.br\/en\/disciplinas\/","title":{"rendered":"Disciplines"},"content":{"rendered":"<p>As disciplinas do PPGPVS s\u00e3o ofertadas semestralmente, divididas entre o primeiro e segundo semestre, conforme a seguir.<\/p>\n\n\n\n<p><\/p>\n\n\n\n<table class=\"wp-block-table is-style-stripes\"><tbody><tr><td>DISCIPLINA DO 1\u00ba SEMESTRE<\/td><td>CARGA HOR\u00c1RIA<\/td><td>CR\u00c9DITOS<\/td><\/tr><tr><td>Produ\u00e7\u00e3o e manejo de grandes culturas<\/td><td>60<\/td><td>4<\/td><\/tr><tr><td>Microrganismos e agricultura sustent\u00e1vel<\/td><td>60<\/td><td>4<\/td><\/tr><tr><td>Tecnologia e produ\u00e7\u00e3o de sementes<\/td><td>60<\/td><td>4<\/td><\/tr><tr><td>Estat\u00edstica aplicada \u00e0 fitotecnia<\/td><td>90<\/td><td>6<\/td><\/tr><tr><td>Manejo integrado de pragas<\/td><td>60<\/td><td>4<\/td><\/tr><tr><td>Bioqu\u00edmica do amadurecimento de frutos<\/td><td>60<\/td><td>4<\/td><\/tr><tr><td>Manejo de solos tropicais<\/td><td>60<\/td><td>4<\/td><\/tr><tr><td>Fruticultura I<\/td><td>60<\/td><td>4<\/td><\/tr><tr><td>Semin\u00e1rio I<\/td><td>30<\/td><td>2*<\/td><\/tr><tr><td>Semin\u00e1rio II<\/td><td>30<\/td><td>2*<\/td><\/tr><tr><td>Est\u00e1gio em ensino<\/td><td>60<\/td><td>4<\/td><\/tr><tr><td>Melhoramento de fruteiras<\/td><td>60<\/td><td>4<\/td><\/tr><tr><td>Manejo da \u00e1gua na agricultura<\/td><td>60<\/td><td>4<\/td><\/tr><tr><td>Biologia celular e molecular de plantas<\/td><td>60<\/td><td>4<\/td><\/tr><tr><td>Fisiologia da produ\u00e7\u00e3o vegetal<\/td><td>60<\/td><td>4<\/td><\/tr><tr><td>T\u00f3picos especiais em plantas daninhas<\/td><td>60<\/td><td>4<\/td><\/tr><tr><td><\/td><td><\/td><td><\/td><\/tr><tr><td>&nbsp;DISCIPLINAS DO 2\u00ba SEMESTRE<\/td><td>&nbsp;CARGA HOR\u00c1RIA<\/td><td>CR\u00c9DITOS <\/td><\/tr><tr><td>T\u00f3picos especiais em grandes culturas<\/td><td>60<\/td><td>4<\/td><\/tr><tr><td>Metodologia de pesquisa em ci\u00eancias agr\u00e1rias e biol\u00f3gicas<\/td><td>60<\/td><td>4<\/td><\/tr><tr><td>Est\u00e1gio em ensino<\/td><td>60<\/td><td>4<\/td><\/tr><tr><td>T\u00f3picos especiais em estat\u00edstica<\/td><td>60<\/td><td>4<\/td><\/tr><tr><td>Controle biol\u00f3gico de insetos<\/td><td>60<\/td><td>4<\/td><\/tr><tr><td>Fisiologia e patologia p\u00f3s-colheita de frutas e hortali\u00e7as<\/td><td>60<\/td><td>4<\/td><\/tr><tr><td>Manejo integrado de plantas daninhas<\/td><td>60<\/td><td>4<\/td><\/tr><tr><td>G\u00eanese, morfologia, f\u00edsica e classifica\u00e7\u00e3o do solo<\/td><td>60<\/td><td>4<\/td><\/tr><tr><td>Semin\u00e1rio I<\/td><td>30<\/td><td>2*<\/td><\/tr><tr><td>Semin\u00e1rio II<\/td><td>30<\/td><td>2*<\/td><\/tr><tr><td>Fertilidade do solo e nutri\u00e7\u00e3o de plantas<\/td><td>60<\/td><td>4<\/td><\/tr><tr><td>Manejo integrado de doen\u00e7as de plantas<\/td><td>60<\/td><td>4<\/td><\/tr><tr><td>M\u00e9todos de melhoramento de plantas<\/td><td>60<\/td><td>4<\/td><\/tr><tr><td>Melhoramento de grandes culturas<\/td><td>60<\/td><td>4<\/td><\/tr><tr><td>Drenagem agr\u00edcola e \u00e1guas subterr\u00e2neas<\/td><td>60<\/td><td>4<\/td><\/tr><tr><td>Fruticultura II<\/td><td>60<\/td><td>4<\/td><\/tr><tr><td>Bioqu\u00edmica<\/td><td>60<\/td><td>4<\/td><\/tr><tr><td>T\u00f3picos especiais em fruticultura tropical<\/td><td>60<\/td><td>4<\/td><\/tr><\/tbody><\/table>\n\n\n\n<p class=\"has-small-font-size\">*Disciplina obrigat\u00f3ria, n\u00e3o integraliza cr\u00e9ditos.<\/p>","protected":false},"excerpt":{"rendered":"<p>As disciplinas do PPGPVS s\u00e3o ofertadas semestralmente, divididas entre o primeiro e segundo semestre, conforme a seguir. DISCIPLINA DO 1\u00ba SEMESTRE CARGA HOR\u00c1RIA CR\u00c9DITOS Produ\u00e7\u00e3o e manejo de grandes culturas 60 4 Microrganismos e agricultura sustent\u00e1vel 60 4 Tecnologia e produ\u00e7\u00e3o de sementes 60 4 Estat\u00edstica aplicada \u00e0 fitotecnia 90 6 Manejo integrado de pragas &hellip; <\/p>\n<p class=\"link-more\"><a href=\"https:\/\/producaovegetal.com.br\/en\/disciplinas\/\" class=\"more-link\">Continue reading<span class=\"screen-reader-text\"> &#8220;Disciplinas&#8221;<\/span><\/a><\/p>","protected":false},"author":1,"featured_media":0,"parent":0,"menu_order":0,"comment_status":"closed","ping_status":"closed","template":"","meta":{"footnotes":""},"class_list":["post-200","page","type-page","status-publish","hentry"],"_links":{"self":[{"href":"https:\/\/producaovegetal.com.br\/en\/wp-json\/wp\/v2\/pages\/200","targetHints":{"allow":["GET"]}}],"collection":[{"href":"https:\/\/producaovegetal.com.br\/en\/wp-json\/wp\/v2\/pages"}],"about":[{"href":"https:\/\/producaovegetal.com.br\/en\/wp-json\/wp\/v2\/types\/page"}],"author":[{"embeddable":true,"href":"https:\/\/producaovegetal.com.br\/en\/wp-json\/wp\/v2\/users\/1"}],"replies":[{"embeddable":true,"href":"https:\/\/producaovegetal.com.br\/en\/wp-json\/wp\/v2\/comments?post=200"}],"version-history":[{"count":3,"href":"https:\/\/producaovegetal.com.br\/en\/wp-json\/wp\/v2\/pages\/200\/revisions"}],"predecessor-version":[{"id":204,"href":"https:\/\/producaovegetal.com.br\/en\/wp-json\/wp\/v2\/pages\/200\/revisions\/204"}],"wp:attachment":[{"href":"https:\/\/producaovegetal.com.br\/en\/wp-json\/wp\/v2\/media?parent=200"}],"curies":[{"name":"wp","href":"https:\/\/api.w.org\/{rel}","templated":true}]}}