{"id":251,"date":"2021-02-26T18:04:24","date_gmt":"2021-02-26T21:04:24","guid":{"rendered":"https:\/\/producaovegetal.com.br\/?page_id=251"},"modified":"2024-08-05T13:54:14","modified_gmt":"2024-08-05T16:54:14","slug":"alunoespecial","status":"publish","type":"page","link":"https:\/\/producaovegetal.com.br\/en\/alunoespecial\/","title":{"rendered":"Nondegree Student"},"content":{"rendered":"<p><strong>EDITAL N\u00ba 3-2024 &#8211; <\/strong><\/p>\n\n\n\n<p><strong>INSCRI\u00c7\u00c3O DE ALUNOS ESPECIAIS CANDIDATOS AS DISCIPLINAS ISOLADAS NO MESTRADO E DOUTORADO EM PRODU\u00c7\u00c3O VEGETAL NO SEMI\u00c1RIDO<\/strong><\/p>\n\n\n\n<p><strong>SEGUNDO SEMESTRE DE 2024<\/strong><br><\/p>\n\n\n\n<p><strong><mark style=\"background-color:rgba(0, 0, 0, 0)\" class=\"has-inline-color has-vivid-green-cyan-color\">EDITAL:<\/mark><\/strong><\/p>\n\n\n\n<p><\/p>\n\n\n\n<p>Para efetuar a inscri\u00e7\u00e3o, os documentos (c\u00f3pias simples) devem ser enviados<mark style=\"background-color:rgba(0, 0, 0, 0)\" class=\"has-inline-color has-vivid-red-color\"><strong> EM UM \u00daNICO ARQUIVO PDF<\/strong><\/mark> pela internet, <a href=\"https:\/\/www.dropbox.com\/request\/3Sj8X8jR25BMTASoIHHc\"><strong>acessando o endere\u00e7o DropBox<\/strong><\/a><\/p>\n\n\n\n<p>*<mark style=\"background-color:rgba(0, 0, 0, 0)\" class=\"has-inline-color has-vivid-red-color\">Em caso de d\u00favidas, entre em contato pelo e-mail:<strong> selecao.pvs@gmail.com<\/strong><\/mark><\/p>","protected":false},"excerpt":{"rendered":"<p>EDITAL N\u00ba 3-2024 &#8211; INSCRI\u00c7\u00c3O DE ALUNOS ESPECIAIS CANDIDATOS AS DISCIPLINAS ISOLADAS NO MESTRADO E DOUTORADO EM PRODU\u00c7\u00c3O VEGETAL NO SEMI\u00c1RIDO SEGUNDO SEMESTRE DE 2024 EDITAL: Para efetuar a inscri\u00e7\u00e3o, os documentos (c\u00f3pias simples) devem ser enviados EM UM \u00daNICO ARQUIVO PDF pela internet, acessando o endere\u00e7o DropBox *Em caso de d\u00favidas, entre em contato &hellip; <\/p>\n<p class=\"link-more\"><a href=\"https:\/\/producaovegetal.com.br\/en\/alunoespecial\/\" class=\"more-link\">Continue reading<span class=\"screen-reader-text\"> &#8220;Aluno Especial&#8221;<\/span><\/a><\/p>","protected":false},"author":3,"featured_media":0,"parent":0,"menu_order":0,"comment_status":"closed","ping_status":"closed","template":"","meta":{"footnotes":""},"class_list":["post-251","page","type-page","status-publish","hentry"],"_links":{"self":[{"href":"https:\/\/producaovegetal.com.br\/en\/wp-json\/wp\/v2\/pages\/251","targetHints":{"allow":["GET"]}}],"collection":[{"href":"https:\/\/producaovegetal.com.br\/en\/wp-json\/wp\/v2\/pages"}],"about":[{"href":"https:\/\/producaovegetal.com.br\/en\/wp-json\/wp\/v2\/types\/page"}],"author":[{"embeddable":true,"href":"https:\/\/producaovegetal.com.br\/en\/wp-json\/wp\/v2\/users\/3"}],"replies":[{"embeddable":true,"href":"https:\/\/producaovegetal.com.br\/en\/wp-json\/wp\/v2\/comments?post=251"}],"version-history":[{"count":30,"href":"https:\/\/producaovegetal.com.br\/en\/wp-json\/wp\/v2\/pages\/251\/revisions"}],"predecessor-version":[{"id":1251,"href":"https:\/\/producaovegetal.com.br\/en\/wp-json\/wp\/v2\/pages\/251\/revisions\/1251"}],"wp:attachment":[{"href":"https:\/\/producaovegetal.com.br\/en\/wp-json\/wp\/v2\/media?parent=251"}],"curies":[{"name":"wp","href":"https:\/\/api.w.org\/{rel}","templated":true}]}}