{"id":383,"date":"2021-04-12T11:51:51","date_gmt":"2021-04-12T14:51:51","guid":{"rendered":"https:\/\/producaovegetal.com.br\/?page_id=383"},"modified":"2024-11-11T19:55:09","modified_gmt":"2024-11-11T22:55:09","slug":"autoavaliacao","status":"publish","type":"page","link":"https:\/\/producaovegetal.com.br\/en\/autoavaliacao\/","title":{"rendered":"Self-evaluation"},"content":{"rendered":"<p class=\"has-text-align-center\">Estes question\u00e1rios t\u00eam como objetivo fornecer ao Programa de P\u00f3s-Gradua\u00e7\u00e3o em Produ\u00e7\u00e3o Vegetal no Semi\u00e1rido (PPGPVS) informa\u00e7\u00f5es acerca dos entes, institui\u00e7\u00f5es e empresas relacionadas ao programa, para o preenchimento da ficha de avalia\u00e7\u00e3o do curso (Coleta Capes 2021 a 2024). Sua participa\u00e7\u00e3o \u00e9 fundamental ao PPGPVS, pois possibilitar\u00e1 o conhecimento da contribui\u00e7\u00e3o do Programa na forma\u00e7\u00e3o profissional e na economia brasileira e mundial.<\/p>\n\n\n\n<p>Preencha o question\u00e1rio que corresponda a sua situa\u00e7\u00e3o:<\/p>\n\n\n\n<p><a rel=\"noreferrer noopener\" href=\"https:\/\/forms.gle\/QtzVvhboEpQJRe267\" target=\"_blank\">Aluno (discente) regular de mestrado, doutorado e p\u00f3s-doutorado<\/a><\/p>\n\n\n\n<p><a href=\"https:\/\/forms.gle\/NiZ1QeT28tu2vBRf9\" target=\"_blank\" rel=\"noreferrer noopener\">Egresso<\/a> do PPGPVS <\/p>\n\n\n\n<p><a href=\"https:\/\/forms.gle\/LG6iHv8jHBA3X4CX8\" target=\"_blank\" rel=\"noreferrer noopener\">Professor\/Pesquisador do Programa (credenciado)<\/a><\/p>\n\n\n\n<p><a href=\"https:\/\/forms.gle\/ygfcfN3ic4r5jZrB7\" target=\"_blank\" rel=\"noreferrer noopener\">Professor\/Pesquisador n\u00e3o credenciado<\/a><\/p>\n\n\n\n<p><a href=\"https:\/\/forms.gle\/s4KpXZ4ZvVKaNoHY9\">Coordenadores do PPGPVS<\/a><\/p>\n\n\n\n<p><a href=\"https:\/\/forms.gle\/T316qyRTUPyoB9Gd8\" target=\"_blank\" rel=\"noreferrer noopener\">T\u00e9cnico-administrativos e funcion\u00e1rios da Unimontes<\/a><\/p>\n\n\n\n<p><a href=\"https:\/\/forms.gle\/pbPHsyJZcUEFmjRM7\" data-type=\"link\" data-id=\"https:\/\/forms.gle\/pbPHsyJZcUEFmjRM7\">Aluno de gradua\u00e7\u00e3o<\/a><\/p>\n\n\n\n<p><a href=\"https:\/\/forms.gle\/kPrU3647c74uttcX8\" target=\"_blank\" rel=\"noreferrer noopener\">Sociedade civil<\/a><\/p>\n\n\n\n<p><a href=\"https:\/\/forms.gle\/5HvyG82q9gamNz419\">Institui\u00e7\u00f5es ou empresas parceiras<\/a><\/p>\n\n\n\n<p><\/p>","protected":false},"excerpt":{"rendered":"<p>Estes question\u00e1rios t\u00eam como objetivo fornecer ao Programa de P\u00f3s-Gradua\u00e7\u00e3o em Produ\u00e7\u00e3o Vegetal no Semi\u00e1rido (PPGPVS) informa\u00e7\u00f5es acerca dos entes, institui\u00e7\u00f5es e empresas relacionadas ao programa, para o preenchimento da ficha de avalia\u00e7\u00e3o do curso (Coleta Capes 2021 a 2024). Sua participa\u00e7\u00e3o \u00e9 fundamental ao PPGPVS, pois possibilitar\u00e1 o conhecimento da contribui\u00e7\u00e3o do Programa na &hellip; <\/p>\n<p class=\"link-more\"><a href=\"https:\/\/producaovegetal.com.br\/en\/autoavaliacao\/\" class=\"more-link\">Continue reading<span class=\"screen-reader-text\"> &#8220;Autoavalia\u00e7\u00e3o&#8221;<\/span><\/a><\/p>","protected":false},"author":1,"featured_media":0,"parent":0,"menu_order":0,"comment_status":"closed","ping_status":"closed","template":"","meta":{"footnotes":""},"class_list":["post-383","page","type-page","status-publish","hentry"],"_links":{"self":[{"href":"https:\/\/producaovegetal.com.br\/en\/wp-json\/wp\/v2\/pages\/383","targetHints":{"allow":["GET"]}}],"collection":[{"href":"https:\/\/producaovegetal.com.br\/en\/wp-json\/wp\/v2\/pages"}],"about":[{"href":"https:\/\/producaovegetal.com.br\/en\/wp-json\/wp\/v2\/types\/page"}],"author":[{"embeddable":true,"href":"https:\/\/producaovegetal.com.br\/en\/wp-json\/wp\/v2\/users\/1"}],"replies":[{"embeddable":true,"href":"https:\/\/producaovegetal.com.br\/en\/wp-json\/wp\/v2\/comments?post=383"}],"version-history":[{"count":14,"href":"https:\/\/producaovegetal.com.br\/en\/wp-json\/wp\/v2\/pages\/383\/revisions"}],"predecessor-version":[{"id":1290,"href":"https:\/\/producaovegetal.com.br\/en\/wp-json\/wp\/v2\/pages\/383\/revisions\/1290"}],"wp:attachment":[{"href":"https:\/\/producaovegetal.com.br\/en\/wp-json\/wp\/v2\/media?parent=383"}],"curies":[{"name":"wp","href":"https:\/\/api.w.org\/{rel}","templated":true}]}}