{"id":445,"date":"2021-05-19T13:16:42","date_gmt":"2021-05-19T16:16:42","guid":{"rendered":"https:\/\/producaovegetal.com.br\/?page_id=445"},"modified":"2025-04-14T07:16:37","modified_gmt":"2025-04-14T10:16:37","slug":"planejamento-estrategico","status":"publish","type":"page","link":"https:\/\/producaovegetal.com.br\/en\/planejamento-estrategico\/","title":{"rendered":"Planejamento Estrat\u00e9gico"},"content":{"rendered":"<p class=\"has-text-align-center has-large-font-size\"><strong>Planejamento Estrat\u00e9gico do Programa de P\u00f3s-Gradua\u00e7\u00e3o em Produ\u00e7\u00e3o Vegetal no Semi\u00e1rido<\/strong><\/p>\n\n\n\n<p class=\"has-text-align-center has-large-font-size\"><strong>Per\u00edodo: 2025-2028<\/strong><\/p>\n\n\n\n<p style=\"line-height:1\">Equipe T\u00e9cnica:<\/p>\n\n\n\n<p style=\"line-height:1\">Marlon Cristian Toledo Pereira<\/p>\n\n\n\n<p>S\u00e9rgio Luiz Rodrigues Donato<\/p>\n\n\n\n<p style=\"line-height:1\">Silv\u00e2nio Rodrigues dos Santos<\/p>\n\n\n\n<p class=\"has-text-align-center\" style=\"line-height:1\">Jana\u00faba &#8211; MG<\/p>\n\n\n\n<p class=\"has-text-align-center\" style=\"line-height:1\">Abril &#8211; 2025<\/p>\n\n\n\n<div data-wp-interactive=\"core\/file\" class=\"wp-block-file\"><object data-wp-bind--hidden=\"!state.hasPdfPreview\" hidden class=\"wp-block-file__embed\" data=\"https:\/\/producaovegetal.com.br\/wp-content\/uploads\/2025\/04\/PLANEJAMENTO-ESTRATEGICO-2025-2028.pdf\" type=\"application\/pdf\" style=\"width:100%;height:600px\" aria-label=\"Embed of PLANEJAMENTO ESTRAT\u00c9GICO 2025-2028.\"><\/object><a id=\"wp-block-file--media-bf857fa8-1546-4a7f-943c-d4f6a59b6518\" href=\"https:\/\/producaovegetal.com.br\/wp-content\/uploads\/2025\/04\/PLANEJAMENTO-ESTRATEGICO-2025-2028.pdf\">PLANEJAMENTO ESTRAT\u00c9GICO 2025-2028<\/a><a href=\"https:\/\/producaovegetal.com.br\/wp-content\/uploads\/2025\/04\/PLANEJAMENTO-ESTRATEGICO-2025-2028.pdf\" class=\"wp-block-file__button wp-element-button\" download aria-describedby=\"wp-block-file--media-bf857fa8-1546-4a7f-943c-d4f6a59b6518\">Baixar<\/a><\/div>","protected":false},"excerpt":{"rendered":"<p>Planejamento Estrat\u00e9gico do Programa de P\u00f3s-Gradua\u00e7\u00e3o em Produ\u00e7\u00e3o Vegetal no Semi\u00e1rido Per\u00edodo: 2025-2028 Equipe T\u00e9cnica: Marlon Cristian Toledo Pereira S\u00e9rgio Luiz Rodrigues Donato Silv\u00e2nio Rodrigues dos Santos Jana\u00faba &#8211; MG Abril &#8211; 2025<\/p>","protected":false},"author":1,"featured_media":0,"parent":0,"menu_order":0,"comment_status":"closed","ping_status":"closed","template":"","meta":{"footnotes":""},"class_list":["post-445","page","type-page","status-publish","hentry"],"_links":{"self":[{"href":"https:\/\/producaovegetal.com.br\/en\/wp-json\/wp\/v2\/pages\/445","targetHints":{"allow":["GET"]}}],"collection":[{"href":"https:\/\/producaovegetal.com.br\/en\/wp-json\/wp\/v2\/pages"}],"about":[{"href":"https:\/\/producaovegetal.com.br\/en\/wp-json\/wp\/v2\/types\/page"}],"author":[{"embeddable":true,"href":"https:\/\/producaovegetal.com.br\/en\/wp-json\/wp\/v2\/users\/1"}],"replies":[{"embeddable":true,"href":"https:\/\/producaovegetal.com.br\/en\/wp-json\/wp\/v2\/comments?post=445"}],"version-history":[{"count":5,"href":"https:\/\/producaovegetal.com.br\/en\/wp-json\/wp\/v2\/pages\/445\/revisions"}],"predecessor-version":[{"id":1344,"href":"https:\/\/producaovegetal.com.br\/en\/wp-json\/wp\/v2\/pages\/445\/revisions\/1344"}],"wp:attachment":[{"href":"https:\/\/producaovegetal.com.br\/en\/wp-json\/wp\/v2\/media?parent=445"}],"curies":[{"name":"wp","href":"https:\/\/api.w.org\/{rel}","templated":true}]}}